{"id":203,"date":"2019-12-20T15:27:57","date_gmt":"2019-12-20T14:27:57","guid":{"rendered":"https:\/\/franklinturm.ch\/architektur\/"},"modified":"2022-06-27T15:19:03","modified_gmt":"2022-06-27T13:19:03","slug":"architektur","status":"publish","type":"page","link":"https:\/\/franklinturm.ch\/en\/architektur\/","title":{"rendered":"Architecture"},"content":{"rendered":"","protected":false},"excerpt":{"rendered":"","protected":false},"author":4,"featured_media":337925,"parent":0,"menu_order":0,"comment_status":"closed","ping_status":"closed","template":"","meta":{"_acf_changed":false,"inline_featured_image":false,"footnotes":""},"class_list":["post-203","page","type-page","status-publish","has-post-thumbnail","hentry"],"acf":[],"yoast_head":"<!-- This site is optimized with the Yoast SEO plugin v27.3 - https:\/\/yoast.com\/product\/yoast-seo-wordpress\/ -->\n<title>Architecture - Franklinturm<\/title>\n<meta name=\"description\" content=\"Der Franklinturm zeichnet sich durch einen spannungsvoll proportionierten K\u00f6rper und eine pr\u00e4gnante Fassade aus. Mittels H\u00f6henstaffelung und Auskragungen reagiert die Form des 80 Meter hohen Turms auf die r\u00e4umliche Situation sowie die umgebenden Geb\u00e4ude und f\u00fcgt sich so harmonisch in den Stadtraum ein.\" \/>\n<meta name=\"robots\" content=\"index, follow, max-snippet:-1, max-image-preview:large, max-video-preview:-1\" \/>\n<link rel=\"canonical\" href=\"https:\/\/franklinturm.ch\/en\/architektur\/\" \/>\n<meta property=\"og:locale\" content=\"en_US\" \/>\n<meta property=\"og:type\" content=\"article\" \/>\n<meta property=\"og:title\" content=\"Architecture - Franklinturm\" \/>\n<meta property=\"og:description\" content=\"Der Franklinturm zeichnet sich durch einen spannungsvoll proportionierten K\u00f6rper und eine pr\u00e4gnante Fassade aus. Mittels H\u00f6henstaffelung und Auskragungen reagiert die Form des 80 Meter hohen Turms auf die r\u00e4umliche Situation sowie die umgebenden Geb\u00e4ude und f\u00fcgt sich so harmonisch in den Stadtraum ein.\" \/>\n<meta property=\"og:url\" content=\"https:\/\/franklinturm.ch\/en\/architektur\/\" \/>\n<meta property=\"og:site_name\" content=\"Franklinturm\" \/>\n<meta property=\"article:modified_time\" content=\"2022-06-27T13:19:03+00:00\" \/>\n<meta property=\"og:image\" content=\"https:\/\/cdn.freebrand.ch\/w:auto\/h:auto\/q:mauto\/f:best\/https:\/\/franklinturm.ch\/wp-content\/uploads\/sites\/9\/2022\/06\/Franklinturm_Reception-scaled.jpg\" \/>\n\t<meta property=\"og:image:width\" content=\"2560\" \/>\n\t<meta property=\"og:image:height\" content=\"1708\" \/>\n\t<meta property=\"og:image:type\" content=\"image\/jpeg\" \/>\n<meta name=\"twitter:card\" content=\"summary_large_image\" \/>\n<script type=\"application\/ld+json\" class=\"yoast-schema-graph\">{\"@context\":\"https:\\\/\\\/schema.org\",\"@graph\":[{\"@type\":\"WebPage\",\"@id\":\"https:\\\/\\\/franklinturm.ch\\\/en\\\/architektur\\\/\",\"url\":\"https:\\\/\\\/franklinturm.ch\\\/en\\\/architektur\\\/\",\"name\":\"Architecture - Franklinturm\",\"isPartOf\":{\"@id\":\"https:\\\/\\\/franklinturm.ch\\\/en\\\/#website\"},\"primaryImageOfPage\":{\"@id\":\"https:\\\/\\\/franklinturm.ch\\\/en\\\/architektur\\\/#primaryimage\"},\"image\":{\"@id\":\"https:\\\/\\\/franklinturm.ch\\\/en\\\/architektur\\\/#primaryimage\"},\"thumbnailUrl\":\"https:\\/\\/franklinturm.ch\\/wp-content\\/uploads\\/sites\\/9\\/2022\\/06\\/Franklinturm_Reception-scaled.jpg\",\"datePublished\":\"2019-12-20T14:27:57+00:00\",\"dateModified\":\"2022-06-27T13:19:03+00:00\",\"description\":\"Der Franklinturm zeichnet sich durch einen spannungsvoll proportionierten K\u00f6rper und eine pr\u00e4gnante Fassade aus. Mittels H\u00f6henstaffelung und Auskragungen reagiert die Form des 80 Meter hohen Turms auf die r\u00e4umliche Situation sowie die umgebenden Geb\u00e4ude und f\u00fcgt sich so harmonisch in den Stadtraum ein.\",\"breadcrumb\":{\"@id\":\"https:\\\/\\\/franklinturm.ch\\\/en\\\/architektur\\\/#breadcrumb\"},\"inLanguage\":\"en-US\",\"potentialAction\":[{\"@type\":\"ReadAction\",\"target\":[\"https:\\\/\\\/franklinturm.ch\\\/en\\\/architektur\\\/\"]}]},{\"@type\":\"ImageObject\",\"inLanguage\":\"en-US\",\"@id\":\"https:\\\/\\\/franklinturm.ch\\\/en\\\/architektur\\\/#primaryimage\",\"url\":\"https:\\/\\/franklinturm.ch\\/wp-content\\/uploads\\/sites\\/9\\/2022\\/06\\/Franklinturm_Reception-scaled.jpg\",\"contentUrl\":\"https:\\/\\/franklinturm.ch\\/wp-content\\/uploads\\/sites\\/9\\/2022\\/06\\/Franklinturm_Reception-scaled.jpg\",\"width\":2560,\"height\":1708,\"caption\":\"nightnurse.ch\"},{\"@type\":\"BreadcrumbList\",\"@id\":\"https:\\\/\\\/franklinturm.ch\\\/en\\\/architektur\\\/#breadcrumb\",\"itemListElement\":[{\"@type\":\"ListItem\",\"position\":1,\"name\":\"Startseite\",\"item\":\"https:\\\/\\\/franklinturm.ch\\\/en\\\/\"},{\"@type\":\"ListItem\",\"position\":2,\"name\":\"Architecture\"}]},{\"@type\":\"WebSite\",\"@id\":\"https:\\\/\\\/franklinturm.ch\\\/en\\\/#website\",\"url\":\"https:\\\/\\\/franklinturm.ch\\\/en\\\/\",\"name\":\"Franklinturm\",\"description\":\"Ihre Zukunft steht in Z\u00fcrich Nord.\",\"publisher\":{\"@id\":\"https:\\\/\\\/franklinturm.ch\\\/en\\\/#organization\"},\"potentialAction\":[{\"@type\":\"SearchAction\",\"target\":{\"@type\":\"EntryPoint\",\"urlTemplate\":\"https:\\\/\\\/franklinturm.ch\\\/en\\\/?s={search_term_string}\"},\"query-input\":{\"@type\":\"PropertyValueSpecification\",\"valueRequired\":true,\"valueName\":\"search_term_string\"}}],\"inLanguage\":\"en-US\"},{\"@type\":\"Organization\",\"@id\":\"https:\\\/\\\/franklinturm.ch\\\/en\\\/#organization\",\"name\":\"Franklinturm\",\"url\":\"https:\\\/\\\/franklinturm.ch\\\/en\\\/\",\"logo\":{\"@type\":\"ImageObject\",\"inLanguage\":\"en-US\",\"@id\":\"https:\\\/\\\/franklinturm.ch\\\/en\\\/#\\\/schema\\\/logo\\\/image\\\/\",\"url\":\"https:\\/\\/franklinturm.ch\\/wp-content\\/uploads\\/sites\\/9\\/2019\\/12\\/n15_logo.png\",\"contentUrl\":\"https:\\/\\/franklinturm.ch\\/wp-content\\/uploads\\/sites\\/9\\/2019\\/12\\/n15_logo.png\",\"width\":300,\"height\":230,\"caption\":\"Franklinturm\"},\"image\":{\"@id\":\"https:\\\/\\\/franklinturm.ch\\\/en\\\/#\\\/schema\\\/logo\\\/image\\\/\"}}]}<\/script>\n<!-- \/ Yoast SEO plugin. -->","yoast_head_json":{"title":"Architecture - Franklinturm","description":"Der Franklinturm zeichnet sich durch einen spannungsvoll proportionierten K\u00f6rper und eine pr\u00e4gnante Fassade aus. Mittels H\u00f6henstaffelung und Auskragungen reagiert die Form des 80 Meter hohen Turms auf die r\u00e4umliche Situation sowie die umgebenden Geb\u00e4ude und f\u00fcgt sich so harmonisch in den Stadtraum ein.","robots":{"index":"index","follow":"follow","max-snippet":"max-snippet:-1","max-image-preview":"max-image-preview:large","max-video-preview":"max-video-preview:-1"},"canonical":"https:\/\/franklinturm.ch\/en\/architektur\/","og_locale":"en_US","og_type":"article","og_title":"Architecture - Franklinturm","og_description":"Der Franklinturm zeichnet sich durch einen spannungsvoll proportionierten K\u00f6rper und eine pr\u00e4gnante Fassade aus. Mittels H\u00f6henstaffelung und Auskragungen reagiert die Form des 80 Meter hohen Turms auf die r\u00e4umliche Situation sowie die umgebenden Geb\u00e4ude und f\u00fcgt sich so harmonisch in den Stadtraum ein.","og_url":"https:\/\/franklinturm.ch\/en\/architektur\/","og_site_name":"Franklinturm","article_modified_time":"2022-06-27T13:19:03+00:00","og_image":[{"width":2560,"height":1708,"url":"https:\/\/cdn.freebrand.ch\/w:auto\/h:auto\/q:mauto\/f:best\/https:\/\/franklinturm.ch\/wp-content\/uploads\/sites\/9\/2022\/06\/Franklinturm_Reception-scaled.jpg","type":"image\/jpeg"}],"twitter_card":"summary_large_image","schema":{"@context":"https:\/\/schema.org","@graph":[{"@type":"WebPage","@id":"https:\/\/franklinturm.ch\/en\/architektur\/","url":"https:\/\/franklinturm.ch\/en\/architektur\/","name":"Architecture - Franklinturm","isPartOf":{"@id":"https:\/\/franklinturm.ch\/en\/#website"},"primaryImageOfPage":{"@id":"https:\/\/franklinturm.ch\/en\/architektur\/#primaryimage"},"image":{"@id":"https:\/\/franklinturm.ch\/en\/architektur\/#primaryimage"},"thumbnailUrl":"https:\/\/cdn.freebrand.ch\/w:auto\/h:auto\/q:mauto\/f:best\/https:\/\/franklinturm.ch\/wp-content\/uploads\/sites\/9\/2022\/06\/Franklinturm_Reception-scaled.jpg","datePublished":"2019-12-20T14:27:57+00:00","dateModified":"2022-06-27T13:19:03+00:00","description":"Der Franklinturm zeichnet sich durch einen spannungsvoll proportionierten K\u00f6rper und eine pr\u00e4gnante Fassade aus. Mittels H\u00f6henstaffelung und Auskragungen reagiert die Form des 80 Meter hohen Turms auf die r\u00e4umliche Situation sowie die umgebenden Geb\u00e4ude und f\u00fcgt sich so harmonisch in den Stadtraum ein.","breadcrumb":{"@id":"https:\/\/franklinturm.ch\/en\/architektur\/#breadcrumb"},"inLanguage":"en-US","potentialAction":[{"@type":"ReadAction","target":["https:\/\/franklinturm.ch\/en\/architektur\/"]}]},{"@type":"ImageObject","inLanguage":"en-US","@id":"https:\/\/franklinturm.ch\/en\/architektur\/#primaryimage","url":"https:\/\/cdn.freebrand.ch\/w:auto\/h:auto\/q:mauto\/f:best\/https:\/\/franklinturm.ch\/wp-content\/uploads\/sites\/9\/2022\/06\/Franklinturm_Reception-scaled.jpg","contentUrl":"https:\/\/cdn.freebrand.ch\/w:auto\/h:auto\/q:mauto\/f:best\/https:\/\/franklinturm.ch\/wp-content\/uploads\/sites\/9\/2022\/06\/Franklinturm_Reception-scaled.jpg","width":2560,"height":1708,"caption":"nightnurse.ch"},{"@type":"BreadcrumbList","@id":"https:\/\/franklinturm.ch\/en\/architektur\/#breadcrumb","itemListElement":[{"@type":"ListItem","position":1,"name":"Startseite","item":"https:\/\/franklinturm.ch\/en\/"},{"@type":"ListItem","position":2,"name":"Architecture"}]},{"@type":"WebSite","@id":"https:\/\/franklinturm.ch\/en\/#website","url":"https:\/\/franklinturm.ch\/en\/","name":"Franklinturm","description":"Ihre Zukunft steht in Z\u00fcrich Nord.","publisher":{"@id":"https:\/\/franklinturm.ch\/en\/#organization"},"potentialAction":[{"@type":"SearchAction","target":{"@type":"EntryPoint","urlTemplate":"https:\/\/franklinturm.ch\/en\/?s={search_term_string}"},"query-input":{"@type":"PropertyValueSpecification","valueRequired":true,"valueName":"search_term_string"}}],"inLanguage":"en-US"},{"@type":"Organization","@id":"https:\/\/franklinturm.ch\/en\/#organization","name":"Franklinturm","url":"https:\/\/franklinturm.ch\/en\/","logo":{"@type":"ImageObject","inLanguage":"en-US","@id":"https:\/\/franklinturm.ch\/en\/#\/schema\/logo\/image\/","url":"https:\/\/cdn.freebrand.ch\/w:auto\/h:auto\/q:mauto\/f:best\/https:\/\/franklinturm.ch\/wp-content\/uploads\/sites\/9\/2019\/12\/n15_logo.png","contentUrl":"https:\/\/cdn.freebrand.ch\/w:auto\/h:auto\/q:mauto\/f:best\/https:\/\/franklinturm.ch\/wp-content\/uploads\/sites\/9\/2019\/12\/n15_logo.png","width":300,"height":230,"caption":"Franklinturm"},"image":{"@id":"https:\/\/franklinturm.ch\/en\/#\/schema\/logo\/image\/"}}]}},"_links":{"self":[{"href":"https:\/\/franklinturm.ch\/en\/wp-json\/wp\/v2\/pages\/203","targetHints":{"allow":["GET"]}}],"collection":[{"href":"https:\/\/franklinturm.ch\/en\/wp-json\/wp\/v2\/pages"}],"about":[{"href":"https:\/\/franklinturm.ch\/en\/wp-json\/wp\/v2\/types\/page"}],"author":[{"embeddable":true,"href":"https:\/\/franklinturm.ch\/en\/wp-json\/wp\/v2\/users\/4"}],"replies":[{"embeddable":true,"href":"https:\/\/franklinturm.ch\/en\/wp-json\/wp\/v2\/comments?post=203"}],"version-history":[{"count":0,"href":"https:\/\/franklinturm.ch\/en\/wp-json\/wp\/v2\/pages\/203\/revisions"}],"wp:featuredmedia":[{"embeddable":true,"href":"https:\/\/franklinturm.ch\/en\/wp-json\/wp\/v2\/media\/337925"}],"wp:attachment":[{"href":"https:\/\/franklinturm.ch\/en\/wp-json\/wp\/v2\/media?parent=203"}],"curies":[{"name":"wp","href":"https:\/\/api.w.org\/{rel}","templated":true}]}}